{"id":9662,"date":"2025-08-22T15:05:30","date_gmt":"2025-08-22T15:05:30","guid":{"rendered":"https:\/\/conseragroup.com\/?page_id=9662"},"modified":"2025-10-08T13:27:07","modified_gmt":"2025-10-08T13:27:07","slug":"kvkk-open-consent-text","status":"publish","type":"page","link":"https:\/\/conseragroup.com\/en\/kvkk-open-consent-text\/","title":{"rendered":"KVKK Explicit Consent Text"},"content":{"rendered":"<div data-elementor-type=\"wp-page\" data-elementor-id=\"9662\" class=\"elementor elementor-9662\" data-elementor-post-type=\"page\">\n\t\t\t\t<div class=\"elementor-element elementor-element-dd95652 e-flex e-con-boxed e-con e-parent\" data-id=\"dd95652\" data-element_type=\"container\" data-settings=\"{&quot;background_background&quot;:&quot;classic&quot;}\">\n\t\t\t\t\t<div class=\"e-con-inner\">\n\t\t\t\t<div class=\"elementor-element elementor-element-9421cad elementor-widget elementor-widget-hub_fancy_heading\" data-id=\"9421cad\" data-element_type=\"widget\" data-widget_type=\"hub_fancy_heading.default\">\n\t\t\t\t<div class=\"elementor-widget-container\">\n\t\t\t\t\t\n\t\t<div id=\"ld-fancy-heading-69d43ced55106\" class=\"ld-fancy-heading pos-rel\">\n\t\t\t<h1 class=\"ld-fh-element d-inline-block pos-rel  elementor-heading-title lqd-highlight-classic lqd-highlight-grow-left h1\"  > KVKK Explicit Consent Text<\/h1>\t\t<\/div>\n\n\t\t\t\t\t\t<\/div>\n\t\t\t\t<\/div>\n\t\t\t\t\t<\/div>\n\t\t\t\t<\/div>\n\t\t<div class=\"elementor-element elementor-element-40580ca e-flex e-con-boxed e-con e-parent\" data-id=\"40580ca\" data-element_type=\"container\">\n\t\t\t\t\t<div class=\"e-con-inner\">\n\t\t\t\t<div class=\"elementor-element elementor-element-694dda0 elementor-widget elementor-widget-text-editor\" data-id=\"694dda0\" data-element_type=\"widget\" data-widget_type=\"text-editor.default\">\n\t\t\t\t\t\t\t\t\t<p><strong>EXPLICIT CONSENT TEXT ON THE PROCESSING OF PERSONAL DATA<\/strong><\/p><p>We will be processing the personal data you have shared with us in order to get to know you better and to offer you special opportunities related to MOOBLE HOUSE. We would like to point out that you are not obliged to share your personal data with us within this scope.<\/p><p>If you wish to give consent for us to process your personal data within the scope specified below, you can check the box.<\/p><p><strong>- Personal Data Requested to be Processed:<\/strong>\u00a0Your preferences, likes and usage habits and interests regarding our products\/services; your customer transaction information you provide within the scope of our relationship with you; your identity and contact information, occupation information, education status, marketing information, other data obtained as a result of the analysis of your personal data you provide to us in the purchased product, service processes or in our surveys and campaigns.<\/p><p><strong>- Purposes of Data Processing:\u00a0<\/strong>To customize, improve and develop your experience of our products\/services; to carry out profiling, segmentation and marketing analysis processes; to understand the needs, preferences and interests of our customers; to offer products\/services that meet the needs, preferences and interests of our customers; to measure the effectiveness of our marketing activities and to determine our marketing strategies.<\/p><p><strong>- Parties to whom Data will be Transferred within the Scope of Activity:\u00a0<\/strong>Suppliers, business partners, group companies, shareholders, affiliates, judicial and administrative authorities, manufacturers, suppliers, business\/solution partners, cargo companies, service providers from whom we receive support and services in order to realize the same purposes above.<\/p><p>VLM 4 BUILDING SYSTEMS INVESTMENT CO.<\/p><p>Mersis No. 0925-0718-1480-0001<\/p>\t\t\t\t\t\t\t\t<\/div>\n\t\t\t\t\t<\/div>\n\t\t\t\t<\/div>\n\t\t\t\t<\/div>","protected":false},"excerpt":{"rendered":"<p>KVKK A\u00e7\u0131k R\u0131za Metni K\u0130\u015e\u0130SEL VER\u0130LER\u0130N \u0130\u015eLENMES\u0130 HAKKINDA A\u00c7IK RIZA METN\u0130 Bizimle payla\u015fm\u0131\u015f oldu\u011funuz ki\u015fisel verilerinizi, sizi daha iyi tan\u0131yabilmek ve MOOBLE HOUSE ile ilgili size \u00f6zel f\u0131rsatlar sunmak i\u00e7in i\u015fliyor olaca\u011f\u0131z. Bizimle bu kapsamdaki ki\u015fisel verilerinizi payla\u015fmak zorunda olmad\u0131\u011f\u0131n\u0131z\u0131n belirtmek isteriz. Ki\u015fisel verilerinizi a\u015fa\u011f\u0131da belirtilen kapsamda i\u015fleyebilmemiz i\u00e7in r\u0131za vermek isterseniz kutucu\u011fu i\u015faretleyebilirsiniz. \u2013 [&hellip;]<\/p>","protected":false},"author":1,"featured_media":0,"parent":0,"menu_order":0,"comment_status":"closed","ping_status":"closed","template":"","meta":{"footnotes":""},"class_list":["post-9662","page","type-page","status-publish","hentry"],"_links":{"self":[{"href":"https:\/\/conseragroup.com\/en\/wp-json\/wp\/v2\/pages\/9662","targetHints":{"allow":["GET"]}}],"collection":[{"href":"https:\/\/conseragroup.com\/en\/wp-json\/wp\/v2\/pages"}],"about":[{"href":"https:\/\/conseragroup.com\/en\/wp-json\/wp\/v2\/types\/page"}],"author":[{"embeddable":true,"href":"https:\/\/conseragroup.com\/en\/wp-json\/wp\/v2\/users\/1"}],"replies":[{"embeddable":true,"href":"https:\/\/conseragroup.com\/en\/wp-json\/wp\/v2\/comments?post=9662"}],"version-history":[{"count":7,"href":"https:\/\/conseragroup.com\/en\/wp-json\/wp\/v2\/pages\/9662\/revisions"}],"predecessor-version":[{"id":12401,"href":"https:\/\/conseragroup.com\/en\/wp-json\/wp\/v2\/pages\/9662\/revisions\/12401"}],"wp:attachment":[{"href":"https:\/\/conseragroup.com\/en\/wp-json\/wp\/v2\/media?parent=9662"}],"curies":[{"name":"wp","href":"https:\/\/api.w.org\/{rel}","templated":true}]}}