{"id":9660,"date":"2025-08-22T15:05:59","date_gmt":"2025-08-22T15:05:59","guid":{"rendered":"https:\/\/conseragroup.com\/?page_id=9660"},"modified":"2025-10-08T13:27:23","modified_gmt":"2025-10-08T13:27:23","slug":"kvkk-application-form","status":"publish","type":"page","link":"https:\/\/conseragroup.com\/en\/kvkk-application-form\/","title":{"rendered":"KVKK Application Form"},"content":{"rendered":"<div data-elementor-type=\"wp-page\" data-elementor-id=\"9660\" class=\"elementor elementor-9660\" data-elementor-post-type=\"page\">\n\t\t\t\t<div class=\"elementor-element elementor-element-dd95652 e-flex e-con-boxed e-con e-parent\" data-id=\"dd95652\" data-element_type=\"container\" data-settings=\"{&quot;background_background&quot;:&quot;classic&quot;}\">\n\t\t\t\t\t<div class=\"e-con-inner\">\n\t\t\t\t<div class=\"elementor-element elementor-element-9421cad elementor-widget elementor-widget-hub_fancy_heading\" data-id=\"9421cad\" data-element_type=\"widget\" data-widget_type=\"hub_fancy_heading.default\">\n\t\t\t\t<div class=\"elementor-widget-container\">\n\t\t\t\t\t\n\t\t<div id=\"ld-fancy-heading-69d8cba95ca07\" class=\"ld-fancy-heading pos-rel\">\n\t\t\t<h1 class=\"ld-fh-element d-inline-block pos-rel  elementor-heading-title lqd-highlight-classic lqd-highlight-grow-left h1\"  > KVKK Application Form<\/h1>\t\t<\/div>\n\n\t\t\t\t\t\t<\/div>\n\t\t\t\t<\/div>\n\t\t\t\t\t<\/div>\n\t\t\t\t<\/div>\n\t\t<div class=\"elementor-element elementor-element-40580ca e-flex e-con-boxed e-con e-parent\" data-id=\"40580ca\" data-element_type=\"container\">\n\t\t\t\t\t<div class=\"e-con-inner\">\n\t\t\t\t<div class=\"elementor-element elementor-element-694dda0 elementor-widget elementor-widget-text-editor\" data-id=\"694dda0\" data-element_type=\"widget\" data-widget_type=\"text-editor.default\">\n\t\t\t\t\t\t\t\t\t<ol><li><strong>General Explanations<\/strong><\/li><\/ol><p>In the Law No. 6698 on the Protection of Personal Data (hereinafter referred to as the \"KVK Law\"), the personal data owner (hereinafter referred to as the \"Data Owner\"), you may apply to VLM 4 YAPI S\u0130STEMLER\u0130 YATIRIM A.\u015e. (hereinafter referred to as the \"Company\") as the Data Controller based on your rights listed in Article 11 of the KVK Law.<\/p><ol start=\"2\"><li><strong>Application Method<\/strong><\/li><\/ol><p>Pursuant to paragraph 1 of Article 13 of the KVK Law and Article 5 of the Communiqu\u00e9 on the Procedures and Principles of Application to the Data Controller, your requests regarding your rights hereunder must be submitted to our Company in writing by printing out this Application Form with one of the methods described below or other methods determined by the Personal Data Protection Board (hereinafter referred to as the \"Board\").<\/p><table width=\"1280\"><tbody><tr><td><p><strong>Application Method<\/strong><\/p><\/td><td><p><strong>Application Address<\/strong><\/p><\/td><td><p><strong>Information to be specified in the application submission<\/strong><\/p><\/td><\/tr><tr><td><p>Personally Identity Confirmed, With Wet Signature \/ Notary Public<\/p><\/td><td><p>Huzur Mah. Ayazaga Cad. 4B\/601 Maslak -Sar\u0131yer \/ ISTANBUL<\/p><\/td><td><p>\"Personal Data Protection Law Information Request\" will be written on the envelope\/notification.<\/p><\/td><\/tr><tr><td><p>Via Registered Electronic Mail (KEP)<\/p><\/td><td><p><strong>info@conseragroup.com<\/strong>\u00a0or\u00a0<strong>vlm4yapi@hs01.kep.tr<\/strong><\/p><\/td><td><p>\"Personal Data Protection Law Information Request\" will be written in the subject section of the e-mail.<\/p><\/td><\/tr><\/tbody><\/table><p>In the application you will make to exercise your rights as a personal data owner and containing your explanations regarding the right you request to exercise; If someone else is making the application acting on your behalf, you must document the authority of the person who will make the application in this regard.<\/p><p>Pursuant to paragraph 2 of Article 13 of the KVK Law, your applications submitted to us will be answered \"as soon as possible and within thirty (30) days at the latest\" from the date of receipt of your request, depending on the nature of the request. Our responses will be delivered to you in writing or electronically in accordance with the provision of Article 13 of the relevant KVK Law.<\/p><ol start=\"3\"><li><strong>Identity and Contact Information<\/strong><\/li><\/ol><table width=\"1280\"><tbody><tr><td><p>Name-Surname<\/p><\/td><td><p>\u00a0<\/p><\/td><\/tr><tr><td><p>Turkish Republic ID number for citizens of the Republic of Turkey \/ Nationality, passport number or ID number, if any, for foreigners:<\/p><\/td><td><p>\u00a0<\/p><\/td><\/tr><tr><td><p>Electronic mail address, telephone and fax number for notification, if any:<\/p><\/td><td><p>\u00a0<\/p><\/td><\/tr><tr><td><p>Residential\/workplace address for notification:<\/p><\/td><td><p>\u00a0<\/p><\/td><\/tr><\/tbody><\/table><ol start=\"4\"><li><strong>Your Relationship with our Company (<\/strong>Insured, supplier, business partner, employee candidate, former employee, third party company employee, shareholder, user, visitor)<\/li><\/ol><table width=\"1280\"><tbody><tr><td><p>-\u00a0\u00a0\u00a0\u00a0\u00a0\u00a0\u00a0\u00a0\u00a0<strong>\u00a0<\/strong><\/p><\/td><\/tr><tr><td><p><strong>You are in contact within our company;<\/strong>\u00a0<strong>\u00a0<\/strong>\u00a0<strong>Unit:<\/strong>\u00a0<strong>\u00a0<\/strong>\u00a0<strong>Subject:<\/strong><\/p><\/td><\/tr><\/tbody><\/table><ol start=\"5\"><li><strong>Request Subject<\/strong><\/li><\/ol><table width=\"1280\"><tbody><tr><td><p>Please specify your request in detail within the scope of the KVK Law. We kindly request you to attach information and documents regarding your request.<\/p><\/td><\/tr><tr><td><p>\u00a0<\/p><\/td><\/tr><tr><td><p>Please select the method by which you will be notified of our response to your application:   \u25a1 I want it sent to my address. \u25a1 I want it sent to my e-mail address.<\/p><\/td><\/tr><\/tbody><\/table><ol start=\"6\"><li><strong>Declaration of the Applicant<\/strong><\/li><\/ol><p>This Application Form has been issued in order to determine your relationship with our Company and, if any, to respond to your personal data processed by our Company accurately and within the legal period. In order to eliminate the legal risks that may arise from unlawful and unfair data sharing and especially to ensure the security of your personal data, our Company reserves the right to request additional documents for identification and authorization. In the event that the information regarding your requests submitted within the scope of the Application Form is not correct and up-to-date or an unauthorized application is made, our Company does not accept any liability for the requests arising from such incorrect information or unauthorized application.<\/p><p>VLM 4 BUILDING SYSTEMS INVESTMENT CO.<\/p><p>Mersis No. 0925-0718-1480-0001<\/p><p>\u00a0<\/p>\t\t\t\t\t\t\t\t<\/div>\n\t\t\t\t\t<\/div>\n\t\t\t\t<\/div>\n\t\t\t\t<\/div>","protected":false},"excerpt":{"rendered":"<p>KVKK Ba\u015fvuru Formu Genel A\u00e7\u0131klamalar 6698 say\u0131l\u0131 Ki\u015fisel Verilerin Korunmas\u0131 Kanunu\u2019nda (Bundan sonra \u201cKVK Kanunu\u201d olarak an\u0131lacakt\u0131r.) \u0130lgili Ki\u015fi olarak tan\u0131mlanan ki\u015fisel veri sahibi (Bundan sonra \u201cVeri Sahibi\u201d olarak an\u0131lacakt\u0131r), KVK Kanunu\u2019nun 11. maddesinde say\u0131lan haklar\u0131n\u0131za istinaden, Veri Sorumlusu olarak VLM 4 YAPI S\u0130STEMLER\u0130 YATIRIM A.\u015e.\u2019ye (Bundan sonra \u201c\u015eirket\u201d olarak an\u0131lacakt\u0131r.) ba\u015fvurabilirsiniz. Ba\u015fvuru Y\u00f6ntemi \u0130\u015fbu [&hellip;]<\/p>","protected":false},"author":1,"featured_media":0,"parent":0,"menu_order":0,"comment_status":"closed","ping_status":"closed","template":"","meta":{"footnotes":""},"class_list":["post-9660","page","type-page","status-publish","hentry"],"_links":{"self":[{"href":"https:\/\/conseragroup.com\/en\/wp-json\/wp\/v2\/pages\/9660","targetHints":{"allow":["GET"]}}],"collection":[{"href":"https:\/\/conseragroup.com\/en\/wp-json\/wp\/v2\/pages"}],"about":[{"href":"https:\/\/conseragroup.com\/en\/wp-json\/wp\/v2\/types\/page"}],"author":[{"embeddable":true,"href":"https:\/\/conseragroup.com\/en\/wp-json\/wp\/v2\/users\/1"}],"replies":[{"embeddable":true,"href":"https:\/\/conseragroup.com\/en\/wp-json\/wp\/v2\/comments?post=9660"}],"version-history":[{"count":7,"href":"https:\/\/conseragroup.com\/en\/wp-json\/wp\/v2\/pages\/9660\/revisions"}],"predecessor-version":[{"id":12407,"href":"https:\/\/conseragroup.com\/en\/wp-json\/wp\/v2\/pages\/9660\/revisions\/12407"}],"wp:attachment":[{"href":"https:\/\/conseragroup.com\/en\/wp-json\/wp\/v2\/media?parent=9660"}],"curies":[{"name":"wp","href":"https:\/\/api.w.org\/{rel}","templated":true}]}}