{"id":9659,"date":"2025-08-22T15:06:15","date_gmt":"2025-08-22T15:06:15","guid":{"rendered":"https:\/\/conseragroup.com\/?page_id=9659"},"modified":"2025-10-08T13:27:31","modified_gmt":"2025-10-08T13:27:31","slug":"kvkk-commercial-message-information-text","status":"publish","type":"page","link":"https:\/\/conseragroup.com\/en\/kvkk-commercial-message-information-text\/","title":{"rendered":"KVKK Commercial Message Information Text"},"content":{"rendered":"<div data-elementor-type=\"wp-page\" data-elementor-id=\"9659\" class=\"elementor elementor-9659\" data-elementor-post-type=\"page\">\n\t\t\t\t<div class=\"elementor-element elementor-element-dd95652 e-flex e-con-boxed e-con e-parent\" data-id=\"dd95652\" data-element_type=\"container\" data-settings=\"{&quot;background_background&quot;:&quot;classic&quot;}\">\n\t\t\t\t\t<div class=\"e-con-inner\">\n\t\t\t\t<div class=\"elementor-element elementor-element-9421cad elementor-widget elementor-widget-hub_fancy_heading\" data-id=\"9421cad\" data-element_type=\"widget\" data-widget_type=\"hub_fancy_heading.default\">\n\t\t\t\t<div class=\"elementor-widget-container\">\n\t\t\t\t\t\n\t\t<div id=\"ld-fancy-heading-69db6ba649919\" class=\"ld-fancy-heading pos-rel\">\n\t\t\t<h1 class=\"ld-fh-element d-inline-block pos-rel  elementor-heading-title lqd-highlight-classic lqd-highlight-grow-left h1\"  > KVKK Commercial Message Information Text<\/h1>\t\t<\/div>\n\n\t\t\t\t\t\t<\/div>\n\t\t\t\t<\/div>\n\t\t\t\t\t<\/div>\n\t\t\t\t<\/div>\n\t\t<div class=\"elementor-element elementor-element-40580ca e-flex e-con-boxed e-con e-parent\" data-id=\"40580ca\" data-element_type=\"container\">\n\t\t\t\t\t<div class=\"e-con-inner\">\n\t\t\t\t<div class=\"elementor-element elementor-element-694dda0 elementor-widget elementor-widget-text-editor\" data-id=\"694dda0\" data-element_type=\"widget\" data-widget_type=\"text-editor.default\">\n\t\t\t\t\t\t\t\t\t<p><strong>ABOUT SENDING COMMERCIAL ELECTRONIC MESSAGES<\/strong><\/p><p><strong>INFORMATION TEXT<\/strong><\/p><p>Within the framework of Law No. 6563 on the Regulation of Electronic Commerce and other legislation, VLM 4 YAPI S\u0130STEMLER\u0130 YATIRIM A.\u015e., its subsidiaries and agencies to send you commercial electronic messages; SMS, pictures, animations, short messages, MMS containing multimedia objects, telephone, fax, automatic dialing machines, electronic mail and similar communication channels with data, audio and visual information, information, promotion and marketing content, especially information about promotions, bulletins, collection promotions, events, advantages, discounts, campaigns and promotion of new products and improvements for the Consera Group brand.\u00a0<em>\"Would you like to receive commercial messages to be informed about promotions, campaigns, special discounts and new information?\"\u00a0<\/em>in response to the question\u00a0<em>\"Yes.\"<\/em>\u00a0option\/checkbox; if you do not agree\u00a0<em>\"No.\"<\/em>\u00a0\u00a0you can check the option\/checkbox.<\/p><p>You have the right to refuse the consent to send commercial electronic messages that you have given within the scope of the relevant legislation at any time.<\/p><p>This information that you will share in line with the information in the \"Clarification Text on the Processing of Personal Data\" is protected and stored by VLM 4 YAPI S\u0130STEMLER\u0130 YATIRIM A.\u015e. within the scope of legal obligations.<\/p><p>VLM 4 BUILDING SYSTEMS INVESTMENT CO.<\/p><p>Mersis No. 0925-0718-1480-0001<\/p>\t\t\t\t\t\t\t\t<\/div>\n\t\t\t\t\t<\/div>\n\t\t\t\t<\/div>\n\t\t\t\t<\/div>","protected":false},"excerpt":{"rendered":"<p>KVKK Ticari \u0130leti Bilgilendirme Metni T\u0130CAR\u0130 ELEKTRON\u0130K \u0130LET\u0130 G\u00d6NDER\u0130M\u0130 HAKKINDA B\u0130LG\u0130LEND\u0130RME METN\u0130 6563 Say\u0131l\u0131 Elektronik Ticaretin D\u00fczenlenmesi Hakk\u0131nda Kanun ve sair mevzuat \u00e7er\u00e7evesinde VLM 4 YAPI S\u0130STEMLER\u0130 YATIRIM A.\u015e., i\u015ftirakleri ve acenteleri taraf\u0131ndan Consera Group markas\u0131 i\u00e7in tan\u0131t\u0131mlar, b\u00fcltenler, koleksiyon tan\u0131t\u0131mlar\u0131, etkinlikler, avantajlar, indirimler, kampanyalara ili\u015fkin bilgilendirmeler ile yeni \u00fcr\u00fcnlerin, iyile\u015ftirmelerin tan\u0131t\u0131m\u0131 ba\u015fta olmak \u00fczere, [&hellip;]<\/p>","protected":false},"author":1,"featured_media":0,"parent":0,"menu_order":0,"comment_status":"closed","ping_status":"closed","template":"","meta":{"footnotes":""},"class_list":["post-9659","page","type-page","status-publish","hentry"],"_links":{"self":[{"href":"https:\/\/conseragroup.com\/en\/wp-json\/wp\/v2\/pages\/9659","targetHints":{"allow":["GET"]}}],"collection":[{"href":"https:\/\/conseragroup.com\/en\/wp-json\/wp\/v2\/pages"}],"about":[{"href":"https:\/\/conseragroup.com\/en\/wp-json\/wp\/v2\/types\/page"}],"author":[{"embeddable":true,"href":"https:\/\/conseragroup.com\/en\/wp-json\/wp\/v2\/users\/1"}],"replies":[{"embeddable":true,"href":"https:\/\/conseragroup.com\/en\/wp-json\/wp\/v2\/comments?post=9659"}],"version-history":[{"count":8,"href":"https:\/\/conseragroup.com\/en\/wp-json\/wp\/v2\/pages\/9659\/revisions"}],"predecessor-version":[{"id":14086,"href":"https:\/\/conseragroup.com\/en\/wp-json\/wp\/v2\/pages\/9659\/revisions\/14086"}],"wp:attachment":[{"href":"https:\/\/conseragroup.com\/en\/wp-json\/wp\/v2\/media?parent=9659"}],"curies":[{"name":"wp","href":"https:\/\/api.w.org\/{rel}","templated":true}]}}